{"id":4568,"date":"2024-05-27T11:32:56","date_gmt":"2024-05-27T03:32:56","guid":{"rendered":"http:\/\/en.siasun.com\/?page_id=4568"},"modified":"2026-04-14T10:21:53","modified_gmt":"2026-04-14T02:21:53","slug":"welding-automation","status":"publish","type":"page","link":"https:\/\/en.siasun.com\/es\/automatizacion-de-la-soldadura.html","title":{"rendered":"Automatizaci\u00f3n de la soldadura"},"content":{"rendered":"<section class=\"wp-block-themepark-block-themepark-area block_layout thempark-block undefined bom100 top100\" id=\"\" style=\"padding-top:120px;height:350px;box-sizing: border-box;width: 100%;\" data-swiper-parallax=\"-700\"><div class=\"block_layout_in\" style=\"\">\n<div class=\"wp-block-column block_layout_in is-layout-flow wp-block-column-is-layout-flow\">\n<h2 class=\"wp-block-heading has-text-align-center fonts1 has-monte-white-color has-text-color has-large-font-size\" style=\"letter-spacing:5px\">Servicio del sistema<\/h2>\n\n\n\n<p class=\"has-text-align-center has-monte-white-color has-text-color has-normal-font-size\" style=\"text-transform:uppercase\"><\/p>\n<\/div>\n<\/div><div class=\"layout_badh\"><div class=\"shizhezhao\" style=\"opacity:0.3;background-color:#000000;\"><\/div><div class=\"PcOnly themepark-block_layout_ba lazyload swiper-lazy\" style=\"background-repeat:no-repeat;background-size:cover;background-position:center;\" data-background=\"http:\/\/en.siasun.com\/wp-content\/uploads\/2024\/05\/sb.jpg\"><\/div><div class=\"MovePnly themepark-block_layout_ba lazyload swiper-move-lazy\" style=\"background-repeat:no-repeat;background-size:cover;background-position:center;\" data-background=\"http:\/\/en.siasun.com\/wp-content\/uploads\/2024\/05\/sb768.jpg\"><\/div><\/div><\/section>\n\n\n\n<div class=\"wp-block-themepark-block-btn themepark-i-btn-out maodian  fixded shadow PcOnly fonts2\" style=\"text-align:center;\"><div class=\"themepark-i-btn-out_ins\" style=\"background-color:#252525;\"><div class=\"themepark-i-btn-out_in\"><div class=\"themepark-i-btn  active\" style=\"color:#000;font-size:16px;padding:18px 22px;\"><a href=\"#homemd1\" rel=\"noopener noreferrer \">Introducci\u00f3n<\/a><a class=\"hovers\" data-title=\"Introduction\" style=\"color:#ffffff;background-color:#023894;padding:18px 22px;\" href=\"#homemd1\" rel=\"noopener noreferrer\" target=\"_self\"><\/a><\/div><div class=\"themepark-i-btn\" style=\"color:#000;font-size:16px;padding:18px 22px;\"><a href=\"#homemd2\" rel=\"noopener noreferrer\" target=\"_self\">Ventajas<\/a><a class=\"hovers\" data-title=\"Advantages\" style=\"color:#ffffff;background-color:#023894;padding:18px 22px;\" href=\"#homemd2\" rel=\"noopener noreferrer\" target=\"_self\"><\/a><\/div><div class=\"themepark-i-btn\" style=\"color:#000;font-size:16px;padding:18px 22px;\"><a href=\"#homemd3\" rel=\"noopener noreferrer\" target=\"_self\">Casos de la industria<\/a><a class=\"hovers\" data-title=\"Industry Cases\" style=\"color:#ffffff;background-color:#023894;padding:18px 22px;\" href=\"#homemd3\" rel=\"noopener noreferrer\" target=\"_self\"><\/a><\/div><\/div><\/div><\/div>\n\n\n\n<section class=\"wp-block-themepark-block-themepark-area block_layout thempark-block undefined\" id=\"\" style=\"background-color:#ffffff;padding-bottom:30px;padding-top:50px;\" data-swiper-parallax=\"-700\"><div class=\"block_layout_in\" style=\"\">\n<div class=\"wp-block-column is-layout-flow wp-block-column-is-layout-flow\" id=\"home3\">\n<div class=\"wp-block-themepark-block-themepark-wright content-super-p\" style=\"font-size:16px;line-height:32px;padding:10px 8px;\">\n<div class=\"wp-block-column is-layout-flow wp-block-column-is-layout-flow\">\n<div class=\"wp-block-themepark-block-themepark-xian theme_fang_out  top10\" style=\"text-align:center;padding-top:33px;padding-bottom:24px;\"><div class=\"fangbox\" style=\"width:48px;height:6px;background-color:#597aab;\"><\/div><\/div>\n\n\n\n<h2 class=\"wp-block-heading has-text-align-center fonts1 has-text-color has-link-color has-large-font-size wp-elements-9fa967cf2d5f334ca4349562014fa789\" id=\"homemd1\" style=\"color:#363636;font-style:normal;font-weight:800;letter-spacing:0px;text-transform:capitalize\"><strong>Automatizaci\u00f3n de la soldadura<\/strong><\/h2>\n\n\n\n<p><\/p>\n<\/div>\n<\/div>\n\n\n\n<div class=\"wp-block-themepark-block-themepark-wright content-super-p\" style=\"font-size:16px;line-height:32px;padding:10px 0px;\">\n<div class=\"wp-block-column is-layout-flow wp-block-column-is-layout-flow\">\n<p>La tecnolog\u00eda de automatizaci\u00f3n de soldadura de SIASUN se aplica ampliamente en diversos campos como carrocer\u00eda en blanco, piezas de autom\u00f3vil, veh\u00edculos especializados, contenedores, maquinaria de construcci\u00f3n, construcci\u00f3n naval, equipos de hidr\u00f3geno, etc.<\/p>\n\n\n\n<p>Los procesos de soldadura incluyen soldadura por puntos, soldadura por arco, soldadura por l\u00e1ser,SIASUN puede proporcionar a los clientes soluciones globales, dise\u00f1o de ingenier\u00eda e implementaci\u00f3n, construcci\u00f3n de informaci\u00f3n y otros servicios para proyectos a nivel de f\u00e1brica.<\/p>\n\n\n\n<p>Esperamos que las soluciones de soldadura inteligentes promuevan el progreso de la fabricaci\u00f3n industrial.<\/p>\n\n\n\n<p><\/p>\n<\/div>\n<\/div>\n\n\n\n<section class=\"wp-block-themepark-block-themepark-area block_layout thempark-block undefined\" id=\"\" style=\"\" data-swiper-parallax=\"-700\"><div class=\"block_layout_in\" style=\"\">\n<div class=\"wp-block-column block_layout_in is-layout-flow wp-block-column-is-layout-flow\">\n<div class=\"wp-block-themepark-block-themepark-swiper post_gallery_out2  undefined\" style=\"margin-bottom:20px;\" data-auto=\"\" data-moshi=\"\"><div class=\"swiper-container post_gallery_nomral\"><div class=\"swiper-wrapper\"><div class=\"swiper-slide\" style=\"\"><img decoding=\"async\" class=\"swiper-lazy swiper-move-lazy\" src=\"https:\/\/en.siasun.com\/wp-content\/uploads\/2026\/04\/\u6c7d\u8f66\u710a\u63a5.jpg\" data-src=\"https:\/\/en.siasun.com\/wp-content\/uploads\/2026\/04\/\u6c7d\u8f66\u710a\u63a5.jpg\" alt=\"Automatizaci\u00f3n de la soldadura\"\/><\/div><div class=\"swiper-slide\" style=\"\"><img decoding=\"async\" class=\"swiper-lazy swiper-move-lazy\" src=\"https:\/\/en.siasun.com\/wp-content\/themes\/smartenterprise\/images\/loading8.png\" data-src=\"http:\/\/en.siasun.com\/wp-content\/uploads\/2024\/05\/2-14.png\" alt=\"Automatizaci\u00f3n de la soldadura\"\/><\/div><div class=\"swiper-slide\" style=\"\"><img decoding=\"async\" class=\"swiper-lazy swiper-move-lazy\" src=\"https:\/\/en.siasun.com\/wp-content\/themes\/smartenterprise\/images\/loading8.png\" data-src=\"https:\/\/en.siasun.com\/wp-content\/uploads\/2026\/04\/\u7164\u77ff\u673a\u68b0\u710a\u63a5.jpg\" alt=\"Automatizaci\u00f3n de la soldadura\"\/><\/div><div class=\"swiper-slide\" style=\"\"><img decoding=\"async\" class=\"swiper-lazy swiper-move-lazy\" src=\"https:\/\/en.siasun.com\/wp-content\/themes\/smartenterprise\/images\/loading8.png\" data-src=\"https:\/\/en.siasun.com\/wp-content\/uploads\/2026\/04\/\u96c6\u88c5\u7bb1\u710a\u63a5.jpg\" alt=\"Automatizaci\u00f3n de la soldadura\"\/><\/div><div class=\"swiper-slide\" style=\"\"><img decoding=\"async\" class=\"swiper-lazy swiper-move-lazy\" src=\"https:\/\/en.siasun.com\/wp-content\/themes\/smartenterprise\/images\/loading8.png\" data-src=\"http:\/\/en.siasun.com\/wp-content\/uploads\/2024\/05\/2-11.png\" alt=\"Automatizaci\u00f3n de la soldadura\"\/><\/div><div class=\"swiper-slide\" style=\"\"><img decoding=\"async\" class=\"swiper-lazy swiper-move-lazy\" src=\"https:\/\/en.siasun.com\/wp-content\/themes\/smartenterprise\/images\/loading8.png\" data-src=\"http:\/\/en.siasun.com\/wp-content\/uploads\/2024\/06\/2.jpg\" alt=\"Automatizaci\u00f3n de la soldadura\"\/><\/div><div class=\"swiper-slide\" style=\"\"><img decoding=\"async\" class=\"swiper-lazy swiper-move-lazy\" src=\"https:\/\/en.siasun.com\/wp-content\/themes\/smartenterprise\/images\/loading8.png\" data-src=\"http:\/\/en.siasun.com\/wp-content\/uploads\/2024\/06\/3.jpg\" alt=\"Automatizaci\u00f3n de la soldadura\"\/><\/div><\/div><a class=\"swiper-next\"><i class=\"fas fa-angle-right\"><\/i><\/a><a class=\"swiper-prev\"><i class=\"fas fa-angle-left\"><\/i><\/a><div class=\"pagination post_gallery_nomral_pagination\"><\/div><\/div><\/div>\n<\/div>\n<\/div><div class=\"layout_badh\"><\/div><\/section>\n<\/div>\n<\/div><div class=\"layout_badh\"><\/div><\/section>\n\n\n\n<section class=\"wp-block-themepark-block-themepark-area block_layout thempark-block undefined\" id=\"\" style=\"background-color:#ffffff;\" data-swiper-parallax=\"-700\"><div class=\"block_layout_in\" style=\"\">\n<div class=\"wp-block-column block_layout_in is-layout-flow wp-block-column-is-layout-flow\" id=\"homemd1\">\n<div class=\"wp-block-themepark-block-themepark-wright content-super-p\" style=\"font-size:16px;line-height:32px;padding:0px 8px;\">\n<div class=\"wp-block-column is-layout-flow wp-block-column-is-layout-flow\">\n<div class=\"wp-block-themepark-block-themepark-xian theme_fang_out  top10\" style=\"text-align:center;padding-top:33px;padding-bottom:24px;\"><div class=\"fangbox\" style=\"width:48px;height:6px;background-color:#597aab;\"><\/div><\/div>\n\n\n\n<h2 class=\"wp-block-heading has-text-align-center fonts1 has-text-color has-link-color has-large-font-size wp-elements-2334ab47f4ca60e1e43e05f99e0acf4c\" id=\"homemd2\" style=\"color:#363636;font-style:normal;font-weight:800;letter-spacing:0px;text-transform:capitalize\"><strong>ventajas<\/strong><\/h2>\n<\/div>\n<\/div>\n\n\n\n<div class=\"wp-block-themepark-block-themepark-wright content-super-p\" style=\"font-size:12px;line-height:32px;background-color:#ffffff;\">\n<div class=\"wp-block-column is-layout-flow wp-block-column-is-layout-flow\">\n<section class=\"wp-block-themepark-block-themepark-area block_layout thempark-block undefined bom10 top10 severs\" id=\"maxw\" style=\"background-color:#ffffff;padding-bottom:13px;padding-top:50px;\" data-swiper-parallax=\"-700\"><div class=\"block_layout_in\" style=\"\">\n<div class=\"wp-block-column block_layout_in is-layout-flow wp-block-column-is-layout-flow\">\n<section class=\"wp-block-themepark-block-themepark-icon thempark-block themepark_icon_list_out undefined bom10 top10undefined top10 .fonts2\" id=\"nomo\" style=\"padding-bottom:10px;\"><div class=\"themepark_icon_list_in fullicon\" style=\"\"><div class=\"themepark_icon_lists iconl3 iconls2\" style=\"\"><a class=\"themepark_icon_box\"><div class=\"themepark_icon_box_i\"><div class=\"themepark_icon_box_i_out\"><i class=\"fas fa-building\" style=\"color:#0084ff;font-size:40px;\"><\/i><\/div><b style=\"font-size:16px;color:#09152c;\">Proyectos llave en mano <\/b><\/div><div class=\"themepark_icon_box_bac\" style=\"background:#f2fbff;opacity:0;\"><\/div><\/a><a class=\"themepark_icon_box\"><div class=\"themepark_icon_box_i\"><div class=\"themepark_icon_box_i_out\"><i class=\"far fa-user\" style=\"color:#0084ff;font-size:40px;\"><\/i><\/div><b style=\"font-size:16px;color:#09152c;\">Equipo de I+D de m\u00e1s de 2.000 empleados<\/b><\/div><div class=\"themepark_icon_box_bac\" style=\"background:#f2fbff;opacity:0;\"><\/div><\/a><a class=\"themepark_icon_box\"><div class=\"themepark_icon_box_i\"><div class=\"themepark_icon_box_i_out\"><i class=\"fas fas fa-sitemap\" style=\"color:#0084ff;font-size:40px;\"><\/i><\/div><b style=\"font-size:16px;color:#09152c;\">Control de calidad<\/b><\/div><div class=\"themepark_icon_box_bac\" style=\"background:#f2fbff;opacity:0;\"><\/div><\/a><a class=\"themepark_icon_box\"><div class=\"themepark_icon_box_i\"><div class=\"themepark_icon_box_i_out\"><i class=\"fas fa-globe\" style=\"color:#0084ff;font-size:40px;\"><\/i><\/div><b style=\"font-size:16px;color:#09152c;\">Servicios posventa globales<\/b><\/div><div class=\"themepark_icon_box_bac\" style=\"background:#f2fbff;opacity:0;\"><\/div><\/a><a class=\"themepark_icon_box\"><div class=\"themepark_icon_box_i\"><div class=\"themepark_icon_box_i_out\"><i class=\"fas fas fa-allergies\" style=\"color:#0084ff;font-size:40px;\"><\/i><\/div><b style=\"font-size:16px;color:#09152c;\">Equipos b\u00e1sicos fabricados<\/b><\/div><div class=\"themepark_icon_box_bac\" style=\"background:#f2fbff;opacity:0;\"><\/div><\/a><a class=\"themepark_icon_box\"><div class=\"themepark_icon_box_i\"><div class=\"themepark_icon_box_i_out\"><i class=\"far fa-smile-beam\" style=\"color:#0084ff;font-size:40px;\"><\/i><\/div><b style=\"font-size:16px;color:#09152c;\">Servicio 7\u00d724 horas<\/b><\/div><div class=\"themepark_icon_box_bac\" style=\"background:#f2fbff;opacity:0;\"><\/div><\/a><\/div><\/div><\/section>\n<\/div>\n<\/div><div class=\"layout_badh\"><\/div><\/section>\n<\/div>\n<\/div>\n\n\n\n<div class=\"wp-block-themepark-block-themepark-xian theme_fang_out  top10\" style=\"text-align:center;padding-top:45px;padding-bottom:27px;\"><div class=\"fangbox\" style=\"width:48px;height:6px;background-color:#597aab;\"><\/div><\/div>\n\n\n\n<h2 class=\"wp-block-heading has-text-align-center fonts1 has-text-color has-link-color has-large-font-size wp-elements-1eba143177c313e2beb8a9f0976197d2\" id=\"homemd3\" style=\"color:#363636;font-style:normal;font-weight:800\"><strong><strong><strong>Casos de la industria<\/strong><\/strong><\/strong><\/h2>\n\n\n\n<div class=\"wp-block-themepark-block-themepark-wright content-super-p\" style=\"font-size:16px;line-height:32px;padding:10px 10px;\">\n<div class=\"wp-block-column is-layout-flow wp-block-column-is-layout-flow\"><\/div>\n<\/div>\n<\/div>\n<\/div><div class=\"layout_badh\"><\/div><\/section>\n\n\n\n<section class=\"wp-block-themepark-block-themepark-area block_layout thempark-block undefined\" id=\"\" style=\"\" data-swiper-parallax=\"-700\"><div class=\"block_layout_in\" style=\"\">\n<div class=\"wp-block-column block_layout_in is-layout-flow wp-block-column-is-layout-flow\"><div class=\"product_loop   mian_loop\" id=\"pro_list_3\"><div class=\"product_post   h_w\" ><a href=\"https:\/\/en.siasun.com\/es\/automotive-welding-assembly-line.html\" class=\"product_pic postatty\" style=\"max-height:230px;\"\"><img loading=\"lazy\" decoding=\"async\" class=\"lazyload\" src=\"https:\/\/en.siasun.com\/wp-content\/themes\/smartenterprise\/images\/loadings.png\" data-src=\"https:\/\/en.siasun.com\/wp-content\/uploads\/2024\/05\/\u672a\u6807\u9898-2-1.png\" width=\"1000\" height=\"600\" alt=\"L\u00ednea de montaje de soldadura de automoci\u00f3n\" title=\"L\u00ednea de montaje de soldadura de automoci\u00f3n\"\/><\/a><div class=\"product_info\"><h3 class=\"pro_title\"><a href=\"https:\/\/en.siasun.com\/es\/automotive-welding-assembly-line.html\">L\u00ednea de montaje de soldadura de automoci\u00f3n<\/a><\/h3><\/div><\/div><div class=\"product_post   h_w\" ><a href=\"https:\/\/en.siasun.com\/es\/container-bottom-pallet-flexible-welding-workstation.html\" class=\"product_pic postatty\" style=\"max-height:230px;\"\"><img loading=\"lazy\" decoding=\"async\" class=\"lazyload\" src=\"https:\/\/en.siasun.com\/wp-content\/themes\/smartenterprise\/images\/loadings.png\" data-src=\"https:\/\/en.siasun.com\/wp-content\/uploads\/2024\/05\/1-13.png\" width=\"1000\" height=\"600\" alt=\"Contenedor de fondo de paleta flexible de soldadura ...\" title=\"Contenedor de fondo de paleta flexible de soldadura ...\"\/><\/a><div class=\"product_info\"><h3 class=\"pro_title\"><a href=\"https:\/\/en.siasun.com\/es\/container-bottom-pallet-flexible-welding-workstation.html\">Estaci\u00f3n de trabajo de soldadura flexible de pal\u00e9s de fondo de contenedor<\/a><\/h3><\/div><\/div><div class=\"product_post   h_w\" ><a href=\"https:\/\/en.siasun.com\/es\/industrial-robot-smart-welding-solutions-for-ships.html\" class=\"product_pic postatty\" style=\"max-height:230px;\"\"><img loading=\"lazy\" decoding=\"async\" class=\"lazyload\" src=\"https:\/\/en.siasun.com\/wp-content\/themes\/smartenterprise\/images\/loadings.png\" data-src=\"https:\/\/en.siasun.com\/wp-content\/uploads\/2024\/05\/3-10.png\" width=\"1000\" height=\"600\" alt=\"Robot industrial Soluciones inteligentes de soldadura para buques\" title=\"Robot industrial Soluciones inteligentes de soldadura para buques\"\/><\/a><div class=\"product_info\"><h3 class=\"pro_title\"><a href=\"https:\/\/en.siasun.com\/es\/industrial-robot-smart-welding-solutions-for-ships.html\">Robot industrial Soluciones inteligentes de soldadura para buques<\/a><\/h3><\/div><\/div><div class=\"product_post   h_w\" ><a href=\"https:\/\/en.siasun.com\/es\/industrial-robotic-intelligent-welding-system-for-engineering-machinery.html\" class=\"product_pic postatty\" style=\"max-height:230px;\"\"><img loading=\"lazy\" decoding=\"async\" class=\"lazyload\" src=\"https:\/\/en.siasun.com\/wp-content\/themes\/smartenterprise\/images\/loadings.png\" data-src=\"https:\/\/en.siasun.com\/wp-content\/uploads\/2024\/05\/4-6.png\" width=\"1000\" height=\"600\" alt=\"Sistema de soldadura industrial robotizad...\" title=\"Sistema de soldadura industrial robotizad...\"\/><\/a><div class=\"product_info\"><h3 class=\"pro_title\"><a href=\"https:\/\/en.siasun.com\/es\/industrial-robotic-intelligent-welding-system-for-engineering-machinery.html\">Sistema rob\u00f3tico industrial de soldadura inteligente para maquinaria de ingenier\u00eda<\/a><\/h3><\/div><\/div><\/div><\/div>\n<\/div><div class=\"layout_badh\"><\/div><\/section>","protected":false},"excerpt":{"rendered":"","protected":false},"author":1,"featured_media":0,"parent":0,"menu_order":0,"comment_status":"open","ping_status":"closed","template":"","meta":{"_seopress_robots_primary_cat":"","_seopress_titles_title":"","_seopress_titles_desc":"","_seopress_robots_index":"","themepark_post_bcolor":"#f5f5f5","themepark_post_width":"100% dong","themepark_post_img":"","themepark_post_img_po":"left","themepark_post_img_re":false,"themepark_post_img_cover":false,"themepark_post_img_fixed":false,"themepark_post_hide_title":true,"themepark_post_main_b":"","themepark_post_main_p":100,"themepark_paddingblock":true,"footnotes":""},"class_list":["post-4568","page","type-page","status-publish","hentry"],"_links":{"self":[{"href":"https:\/\/en.siasun.com\/es\/wp-json\/wp\/v2\/pages\/4568"}],"collection":[{"href":"https:\/\/en.siasun.com\/es\/wp-json\/wp\/v2\/pages"}],"about":[{"href":"https:\/\/en.siasun.com\/es\/wp-json\/wp\/v2\/types\/page"}],"author":[{"embeddable":true,"href":"https:\/\/en.siasun.com\/es\/wp-json\/wp\/v2\/users\/1"}],"replies":[{"embeddable":true,"href":"https:\/\/en.siasun.com\/es\/wp-json\/wp\/v2\/comments?post=4568"}],"version-history":[{"count":12,"href":"https:\/\/en.siasun.com\/es\/wp-json\/wp\/v2\/pages\/4568\/revisions"}],"predecessor-version":[{"id":6970,"href":"https:\/\/en.siasun.com\/es\/wp-json\/wp\/v2\/pages\/4568\/revisions\/6970"}],"wp:attachment":[{"href":"https:\/\/en.siasun.com\/es\/wp-json\/wp\/v2\/media?parent=4568"}],"curies":[{"name":"wp","href":"https:\/\/api.w.org\/{rel}","templated":true}]}}