{"id":4574,"date":"2024-05-27T11:36:39","date_gmt":"2024-05-27T03:36:39","guid":{"rendered":"http:\/\/en.siasun.com\/?page_id=4574"},"modified":"2024-06-05T11:26:54","modified_gmt":"2024-06-05T03:26:54","slug":"assembly-automation","status":"publish","type":"page","link":"https:\/\/en.siasun.com\/de\/montageautomation.html","title":{"rendered":"Automatisierung der Montage"},"content":{"rendered":"<section class=\"wp-block-themepark-block-themepark-area block_layout thempark-block undefined bom100 top100\" id=\"\" style=\"padding-top:120px;height:350px;box-sizing: border-box;width: 100%;\" data-swiper-parallax=\"-700\"><div class=\"block_layout_in\" style=\"\">\n<div class=\"wp-block-column block_layout_in is-layout-flow wp-block-column-is-layout-flow\">\n<h2 class=\"wp-block-heading has-text-align-center fonts1 has-monte-white-color has-text-color has-large-font-size\" style=\"letter-spacing:5px\">Systemdienst<\/h2>\n\n\n\n<p class=\"has-text-align-center has-monte-white-color has-text-color has-normal-font-size\" style=\"text-transform:uppercase\"><\/p>\n<\/div>\n<\/div><div class=\"layout_badh\"><div class=\"shizhezhao\" style=\"opacity:0.3;background-color:#000000;\"><\/div><div class=\"PcOnly themepark-block_layout_ba lazyload swiper-lazy\" style=\"background-repeat:no-repeat;background-size:cover;background-position:center;\" data-background=\"http:\/\/en.siasun.com\/wp-content\/uploads\/2024\/05\/sb.jpg\"><\/div><div class=\"MovePnly themepark-block_layout_ba lazyload swiper-move-lazy\" style=\"background-repeat:no-repeat;background-size:cover;background-position:center;\" data-background=\"http:\/\/en.siasun.com\/wp-content\/uploads\/2024\/05\/sb768.jpg\"><\/div><\/div><\/section>\n\n\n\n<div class=\"wp-block-themepark-block-btn themepark-i-btn-out maodian  fixded shadow PcOnly fonts2\" style=\"text-align:center;\"><div class=\"themepark-i-btn-out_ins\" style=\"background-color:#252525;\"><div class=\"themepark-i-btn-out_in\"><div class=\"themepark-i-btn  active\" style=\"color:#fff;font-size:16px;padding:18px 22px;\"><a href=\"#homemd1\" rel=\"noopener noreferrer \">Einf\u00fchrung<\/a><a class=\"hovers\" data-title=\"Introduction\" style=\"color:#ffffff;background-color:#023894;padding:18px 22px;\" href=\"#homemd1\" rel=\"noopener noreferrer\" target=\"_self\"><\/a><\/div><div class=\"themepark-i-btn\" style=\"color:#fff;font-size:16px;padding:18px 22px;\"><a href=\"#homemd2\" rel=\"noopener noreferrer\" target=\"_self\">Vorteile<\/a><a class=\"hovers\" data-title=\"Advantages\" style=\"color:#ffffff;background-color:#023894;padding:18px 22px;\" href=\"#homemd2\" rel=\"noopener noreferrer\" target=\"_self\"><\/a><\/div><div class=\"themepark-i-btn\" style=\"color:#fff;font-size:16px;padding:18px 22px;\"><a href=\"#homemd3\" rel=\"noopener noreferrer\" target=\"_self\">F\u00e4lle in der Industrie<\/a><a class=\"hovers\" data-title=\"Industry Cases\" style=\"color:#ffffff;background-color:#023894;padding:18px 22px;\" href=\"#homemd3\" rel=\"noopener noreferrer\" target=\"_self\"><\/a><\/div><\/div><\/div><\/div>\n\n\n\n<section class=\"wp-block-themepark-block-themepark-area block_layout thempark-block undefined\" id=\"\" style=\"background-color:#ffffff;padding-bottom:30px;padding-top:50px;\" data-swiper-parallax=\"-700\"><div class=\"block_layout_in\" style=\"\">\n<div class=\"wp-block-column is-layout-flow wp-block-column-is-layout-flow\" id=\"home3\">\n<div class=\"wp-block-themepark-block-themepark-wright content-super-p\" style=\"font-size:16px;line-height:32px;padding:10px 8px;\">\n<div class=\"wp-block-column is-layout-flow wp-block-column-is-layout-flow\">\n<div class=\"wp-block-themepark-block-themepark-xian theme_fang_out  top10\" style=\"text-align:center;padding-top:33px;padding-bottom:24px;\"><div class=\"fangbox\" style=\"width:48px;height:6px;background-color:#597aab;\"><\/div><\/div>\n\n\n\n<h2 class=\"wp-block-heading has-text-align-center fonts1 has-text-color has-link-color has-large-font-size wp-elements-4e4732bb210b383305bd5d642d74a723\" id=\"homemd1\" style=\"color:#363636;font-style:normal;font-weight:800;letter-spacing:0px;text-transform:capitalize\"><strong>Automatisierung der Montage<\/strong><\/h2>\n\n\n\n<p><\/p>\n<\/div>\n<\/div>\n\n\n\n<div class=\"wp-block-themepark-block-themepark-wright content-super-p\" style=\"font-size:16px;line-height:32px;padding:10px 0px;\">\n<div class=\"wp-block-column is-layout-flow wp-block-column-is-layout-flow\">\n<p class=\"has-text-align-left fonts2 jt has-text-color has-link-color wp-elements-5ad7cce5e12408f64d9619153c2346e2\" style=\"color:#676767;font-size:16px\">F\u00fcr L\u00f6sungen zur Automatisierung der Montage forscht SIASUN intensiv an den Kernprozessen der Montage: Stanzen, Anziehen, Kleben, Pr\u00fcfen.<\/p>\n\n\n\n<p class=\"has-text-align-left fonts2 jt has-text-color has-link-color wp-elements-af41a217eb4d621f648df430cdd68656\" style=\"color:#676767;font-size:16px\">Wir st\u00fctzen uns auf die modulare Technologie in Verbindung mit der Produkttechnologie unserer Kunden, um effiziente, flexible und f\u00fchrende L\u00f6sungen f\u00fcr internationale Kunden wie die Automobil-, Lithiumbatterie- und Photovoltaikindustrie anzubieten.<\/p>\n\n\n\n<p class=\"has-text-color has-link-color wp-elements-8fa017ded6e25ee762d41bd6b9bda1d1\" style=\"color:#676767\">Sie ist f\u00fchrend bei der Digitalisierung und intelligenten Entwicklung der Fertigungsindustrie.<\/p>\n\n\n\n<p><\/p>\n<\/div>\n<\/div>\n\n\n\n<section class=\"wp-block-themepark-block-themepark-area block_layout thempark-block undefined\" id=\"\" style=\"\" data-swiper-parallax=\"-700\"><div class=\"block_layout_in\" style=\"\">\n<div class=\"wp-block-column block_layout_in is-layout-flow wp-block-column-is-layout-flow\">\n<div class=\"wp-block-themepark-block-themepark-swiper post_gallery_out2 undefined\" style=\"margin-bottom:20px;\"><div class=\"swiper-container post_gallery_nomral\"><div class=\"swiper-wrapper\"><div class=\"swiper-slide\" style=\"\"><img decoding=\"async\" class=\"swiper-lazy swiper-move-lazy\" src=\"http:\/\/en.siasun.com\/wp-content\/uploads\/2024\/05\/2-2.jpg\" data-src=\"http:\/\/en.siasun.com\/wp-content\/uploads\/2024\/05\/2-2.jpg\" alt=\"Automatisierung der Montage\"\/><\/div><div class=\"swiper-slide\" style=\"\"><img decoding=\"async\" class=\"swiper-lazy swiper-move-lazy\" src=\"http:\/\/en.siasun.com\/wp-content\/themes\/smartenterprise\/images\/loading8.png\" data-src=\"http:\/\/en.siasun.com\/wp-content\/uploads\/2024\/05\/3-1.jpg\" alt=\"Automatisierung der Montage\"\/><\/div><div class=\"swiper-slide\" style=\"\"><img decoding=\"async\" class=\"swiper-lazy swiper-move-lazy\" src=\"http:\/\/en.siasun.com\/wp-content\/themes\/smartenterprise\/images\/loading8.png\" data-src=\"http:\/\/en.siasun.com\/wp-content\/uploads\/2024\/05\/6.jpg\" alt=\"Automatisierung der Montage\"\/><\/div><div class=\"swiper-slide\" style=\"\"><img decoding=\"async\" class=\"swiper-lazy swiper-move-lazy\" src=\"http:\/\/en.siasun.com\/wp-content\/themes\/smartenterprise\/images\/loading8.png\" data-src=\"http:\/\/en.siasun.com\/wp-content\/uploads\/2024\/06\/22.jpg\" alt=\"Automatisierung der Montage\"\/><\/div><div class=\"swiper-slide\" style=\"\"><img decoding=\"async\" class=\"swiper-lazy swiper-move-lazy\" src=\"http:\/\/en.siasun.com\/wp-content\/themes\/smartenterprise\/images\/loading8.png\" data-src=\"http:\/\/en.siasun.com\/wp-content\/uploads\/2024\/05\/5.jpg\" alt=\"Automatisierung der Montage\"\/><\/div><div class=\"swiper-slide\" style=\"\"><img decoding=\"async\" class=\"swiper-lazy swiper-move-lazy\" src=\"http:\/\/en.siasun.com\/wp-content\/themes\/smartenterprise\/images\/loading8.png\" data-src=\"http:\/\/en.siasun.com\/wp-content\/uploads\/2024\/05\/4.jpg\" alt=\"Automatisierung der Montage\"\/><\/div><div class=\"swiper-slide\" style=\"\"><img decoding=\"async\" class=\"swiper-lazy swiper-move-lazy\" src=\"http:\/\/en.siasun.com\/wp-content\/themes\/smartenterprise\/images\/loading8.png\" data-src=\"http:\/\/en.siasun.com\/wp-content\/uploads\/2024\/05\/1-2.jpg\" alt=\"Automatisierung der Montage\"\/><\/div><\/div><a class=\"swiper-next\"><i class=\"fas fa-angle-right\"><\/i><\/a><a class=\"swiper-prev\"><i class=\"fas fa-angle-left\"><\/i><\/a><div class=\"pagination post_gallery_nomral_pagination\"><\/div><\/div><\/div>\n<\/div>\n<\/div><div class=\"layout_badh\"><\/div><\/section>\n<\/div>\n<\/div><div class=\"layout_badh\"><\/div><\/section>\n\n\n\n<section class=\"wp-block-themepark-block-themepark-area block_layout thempark-block undefined\" id=\"\" style=\"background-color:#ffffff;\" data-swiper-parallax=\"-700\"><div class=\"block_layout_in\" style=\"\">\n<div class=\"wp-block-column block_layout_in is-layout-flow wp-block-column-is-layout-flow\" id=\"homemd1\">\n<div class=\"wp-block-themepark-block-themepark-wright content-super-p\" style=\"font-size:16px;line-height:32px;padding:0px 8px;\">\n<div class=\"wp-block-column is-layout-flow wp-block-column-is-layout-flow\">\n<div class=\"wp-block-themepark-block-themepark-xian theme_fang_out  top10\" style=\"text-align:center;padding-top:33px;padding-bottom:24px;\"><div class=\"fangbox\" style=\"width:48px;height:6px;background-color:#597aab;\"><\/div><\/div>\n\n\n\n<h2 class=\"wp-block-heading has-text-align-center fonts1 has-text-color has-link-color has-large-font-size wp-elements-8601ef3f2c8763a4f75772d3fbd2c931\" id=\"homemd2\" style=\"color:#363636;font-style:normal;font-weight:800;letter-spacing:0px;text-transform:capitalize\"><strong>Vorteile<\/strong><\/h2>\n<\/div>\n<\/div>\n\n\n\n<div class=\"wp-block-themepark-block-themepark-wright content-super-p\" style=\"font-size:12px;line-height:32px;background-color:#ffffff;\">\n<div class=\"wp-block-column is-layout-flow wp-block-column-is-layout-flow\">\n<section class=\"wp-block-themepark-block-themepark-area block_layout thempark-block undefined bom10 top10 severs\" id=\"maxw\" style=\"background-color:#ffffff;padding-bottom:13px;padding-top:50px;\" data-swiper-parallax=\"-700\"><div class=\"block_layout_in\" style=\"\">\n<div class=\"wp-block-column block_layout_in is-layout-flow wp-block-column-is-layout-flow\">\n<section class=\"wp-block-themepark-block-themepark-icon thempark-block themepark_icon_list_out undefined bom10 top10 .fonts2\" id=\"nomo\" style=\"padding-bottom:10px;\"><div class=\"themepark_icon_list_in fullicon\" style=\"\"><div class=\"themepark_icon_lists iconl3 iconls2\" style=\"\"><a class=\"themepark_icon_box\"><div class=\"themepark_icon_box_i\"><div class=\"themepark_icon_box_i_out\"><i class=\"fas fa-building\" style=\"color:#0084ff;font-size:40px;\"><\/i><\/div><b style=\"font-size:16px;color:#09152c;\">Schl\u00fcsselfertige Projekte <\/b><\/div><div class=\"themepark_icon_box_bac\" style=\"background:#f2fbff;opacity:0;\"><\/div><\/a><a class=\"themepark_icon_box\"><div class=\"themepark_icon_box_i\"><div class=\"themepark_icon_box_i_out\"><i class=\"far fa-user\" style=\"color:#0084ff;font-size:40px;\"><\/i><\/div><b style=\"font-size:16px;color:#09152c;\">F&amp;E-Team mit \u00fcber 2000 Mitarbeitern<\/b><\/div><div class=\"themepark_icon_box_bac\" style=\"background:#f2fbff;opacity:0;\"><\/div><\/a><a class=\"themepark_icon_box\"><div class=\"themepark_icon_box_i\"><div class=\"themepark_icon_box_i_out\"><i class=\"fas fas fa-sitemap\" style=\"color:#0084ff;font-size:40px;\"><\/i><\/div><b style=\"font-size:16px;color:#09152c;\">Gute Qualit\u00e4t Kontrolle<\/b><\/div><div class=\"themepark_icon_box_bac\" style=\"background:#f2fbff;opacity:0;\"><\/div><\/a><a class=\"themepark_icon_box\"><div class=\"themepark_icon_box_i\"><div class=\"themepark_icon_box_i_out\"><i class=\"fas fa-globe\" style=\"color:#0084ff;font-size:40px;\"><\/i><\/div><b style=\"font-size:16px;color:#09152c;\">Weltweite Kundendienstleistungen<\/b><\/div><div class=\"themepark_icon_box_bac\" style=\"background:#f2fbff;opacity:0;\"><\/div><\/a><a class=\"themepark_icon_box\"><div class=\"themepark_icon_box_i\"><div class=\"themepark_icon_box_i_out\"><i class=\"fas fas fa-allergies\" style=\"color:#0084ff;font-size:40px;\"><\/i><\/div><b style=\"font-size:16px;color:#09152c;\">Hergestelltes Kernmaterial<\/b><\/div><div class=\"themepark_icon_box_bac\" style=\"background:#f2fbff;opacity:0;\"><\/div><\/a><a class=\"themepark_icon_box\"><div class=\"themepark_icon_box_i\"><div class=\"themepark_icon_box_i_out\"><i class=\"far fa-smile-beam\" style=\"color:#0084ff;font-size:40px;\"><\/i><\/div><b style=\"font-size:16px;color:#09152c;\">7\u00d724-Stunden-Dienst<\/b><\/div><div class=\"themepark_icon_box_bac\" style=\"background:#f2fbff;opacity:0;\"><\/div><\/a><\/div><\/div><\/section>\n<\/div>\n<\/div><div class=\"layout_badh\"><\/div><\/section>\n<\/div>\n<\/div>\n\n\n\n<div class=\"wp-block-themepark-block-themepark-xian theme_fang_out  top10\" style=\"text-align:center;padding-top:45px;padding-bottom:27px;\"><div class=\"fangbox\" style=\"width:48px;height:6px;background-color:#597aab;\"><\/div><\/div>\n\n\n\n<h2 class=\"wp-block-heading has-text-align-center fonts1 has-text-color has-link-color has-large-font-size wp-elements-4b8f6e690befd072541b52dcc8fd0627\" id=\"homemd3\" style=\"color:#363636;font-style:normal;font-weight:800\"><strong><strong><strong>F\u00e4lle in der Industrie<\/strong><\/strong><\/strong><\/h2>\n\n\n\n<div class=\"wp-block-themepark-block-themepark-wright content-super-p\" style=\"font-size:16px;line-height:32px;padding:10px 10px;\">\n<div class=\"wp-block-column is-layout-flow wp-block-column-is-layout-flow\"><\/div>\n<\/div>\n<\/div>\n<\/div><div class=\"layout_badh\"><\/div><\/section>\n\n\n\n<section class=\"wp-block-themepark-block-themepark-area block_layout thempark-block undefined\" id=\"\" style=\"\" data-swiper-parallax=\"-700\"><div class=\"block_layout_in\" style=\"\">\n<div class=\"wp-block-column block_layout_in is-layout-flow wp-block-column-is-layout-flow\"><div class=\"product_loop   mian_loop\" id=\"pro_list_3\"><div class=\"product_post   h_w\" ><a href=\"https:\/\/en.siasun.com\/de\/brake-by-wire-one-box-esc-abs-solenoid-valve-assembly-and-test-line.html\" class=\"product_pic postatty\" style=\"max-height:230px;\"\"><img loading=\"lazy\" decoding=\"async\" class=\"lazyload\" src=\"https:\/\/en.siasun.com\/wp-content\/themes\/smartenterprise\/images\/loadings.png\" data-src=\"https:\/\/en.siasun.com\/wp-content\/uploads\/2024\/05\/\u672a\u6807\u9898-1-1.png\" width=\"1000\" height=\"600\" alt=\"BRAKE-BY-WIRE ONE-BOX\/ESC\/ABS-Magnetventil wie...\" title=\"BRAKE-BY-WIRE ONE-BOX\/ESC\/ABS-Magnetventil wie...\"\/><\/a><div class=\"product_info\"><h3 class=\"pro_title\"><a href=\"https:\/\/en.siasun.com\/de\/brake-by-wire-one-box-esc-abs-solenoid-valve-assembly-and-test-line.html\">BRAKE-BY-WIRE ONE-BOX\/ESC\/ABS Magnetventil-Baugruppe und Testleitung<\/a><\/h3><\/div><\/div><div class=\"product_post   h_w\" ><a href=\"https:\/\/en.siasun.com\/de\/automotive-thermal-management-automation-solution.html\" class=\"product_pic postatty\" style=\"max-height:230px;\"\"><img loading=\"lazy\" decoding=\"async\" class=\"lazyload\" src=\"https:\/\/en.siasun.com\/wp-content\/themes\/smartenterprise\/images\/loadings.png\" data-src=\"https:\/\/en.siasun.com\/wp-content\/uploads\/2024\/05\/1-7.png\" width=\"1000\" height=\"600\" alt=\"Automobile W\u00e4rmemanagement-Automatisierungsl\u00f6sung\" title=\"Automobile W\u00e4rmemanagement-Automatisierungsl\u00f6sung\"\/><\/a><div class=\"product_info\"><h3 class=\"pro_title\"><a href=\"https:\/\/en.siasun.com\/de\/automotive-thermal-management-automation-solution.html\">Automobile W\u00e4rmemanagement-Automatisierungsl\u00f6sung<\/a><\/h3><\/div><\/div><div class=\"product_post   h_w\" ><a href=\"https:\/\/en.siasun.com\/de\/new-energy-vehicle-e-e-production-automation-solutions.html\" class=\"product_pic postatty\" style=\"max-height:230px;\"\"><img loading=\"lazy\" decoding=\"async\" class=\"lazyload\" src=\"https:\/\/en.siasun.com\/wp-content\/themes\/smartenterprise\/images\/loadings.png\" data-src=\"https:\/\/en.siasun.com\/wp-content\/uploads\/2024\/05\/1-8.png\" width=\"1000\" height=\"600\" alt=\"New Energy Vehicle E\/E productionAutomation Sol...\" title=\"New Energy Vehicle E\/E productionAutomation Sol...\"\/><\/a><div class=\"product_info\"><h3 class=\"pro_title\"><a href=\"https:\/\/en.siasun.com\/de\/new-energy-vehicle-e-e-production-automation-solutions.html\">New Energy Vehicle E\/E productionAutomation Solutions<\/a><\/h3><\/div><\/div><div class=\"product_post   h_w\" ><a href=\"https:\/\/en.siasun.com\/de\/auto-lock-assembly-and-test-line.html\" class=\"product_pic postatty\" style=\"max-height:230px;\"\"><img loading=\"lazy\" decoding=\"async\" class=\"lazyload\" src=\"https:\/\/en.siasun.com\/wp-content\/themes\/smartenterprise\/images\/loadings.png\" data-src=\"https:\/\/en.siasun.com\/wp-content\/uploads\/2024\/05\/\u672a\u6807\u9898-1-2.png\" width=\"1000\" height=\"600\" alt=\"Auto Lock Montage und Testlinie\" title=\"Auto Lock Montage und Testlinie\"\/><\/a><div class=\"product_info\"><h3 class=\"pro_title\"><a href=\"https:\/\/en.siasun.com\/de\/auto-lock-assembly-and-test-line.html\">Auto Lock Montage und Testlinie<\/a><\/h3><\/div><\/div><div class=\"product_post   h_w\" ><a href=\"https:\/\/en.siasun.com\/de\/turbocharger-assembly-and-test-line.html\" class=\"product_pic postatty\" style=\"max-height:230px;\"\"><img loading=\"lazy\" decoding=\"async\" class=\"lazyload\" src=\"https:\/\/en.siasun.com\/wp-content\/themes\/smartenterprise\/images\/loadings.png\" data-src=\"https:\/\/en.siasun.com\/wp-content\/uploads\/2024\/05\/1-6.png\" width=\"1000\" height=\"600\" alt=\"Turbolader-Montage und Testlinie\" title=\"Turbolader-Montage und Testlinie\"\/><\/a><div class=\"product_info\"><h3 class=\"pro_title\"><a href=\"https:\/\/en.siasun.com\/de\/turbocharger-assembly-and-test-line.html\">Turbolader-Montage und Testlinie<\/a><\/h3><\/div><\/div><div class=\"product_post   h_w\" ><a href=\"https:\/\/en.siasun.com\/de\/compressor-stator-and-rotor-assembly-and-test-line.html\" class=\"product_pic postatty\" style=\"max-height:230px;\"\"><img loading=\"lazy\" decoding=\"async\" class=\"lazyload\" src=\"https:\/\/en.siasun.com\/wp-content\/themes\/smartenterprise\/images\/loadings.png\" data-src=\"https:\/\/en.siasun.com\/wp-content\/uploads\/2024\/05\/1-4.png\" width=\"1000\" height=\"600\" alt=\"Montage von Stator und Rotor des Verdichters und Testlinie\" title=\"Montage von Stator und Rotor des Verdichters und Testlinie\"\/><\/a><div class=\"product_info\"><h3 class=\"pro_title\"><a href=\"https:\/\/en.siasun.com\/de\/compressor-stator-and-rotor-assembly-and-test-line.html\">Montage von Stator und Rotor des Verdichters und Testlinie<\/a><\/h3><\/div><\/div><div class=\"product_post   h_w\" ><a href=\"https:\/\/en.siasun.com\/de\/electric-drive-motor-assembly-and-test-line.html\" class=\"product_pic postatty\" style=\"max-height:230px;\"\"><img loading=\"lazy\" decoding=\"async\" class=\"lazyload\" src=\"https:\/\/en.siasun.com\/wp-content\/themes\/smartenterprise\/images\/loadings.png\" data-src=\"https:\/\/en.siasun.com\/wp-content\/uploads\/2024\/05\/1-2.png\" width=\"1000\" height=\"600\" alt=\"Montage und Testlinie f\u00fcr elektrische Antriebsmotoren\" title=\"Montage und Testlinie f\u00fcr elektrische Antriebsmotoren\"\/><\/a><div class=\"product_info\"><h3 class=\"pro_title\"><a href=\"https:\/\/en.siasun.com\/de\/electric-drive-motor-assembly-and-test-line.html\">Montage und Testlinie f\u00fcr elektrische Antriebsmotoren<\/a><\/h3><\/div><\/div><div class=\"product_post   h_w\" ><a href=\"https:\/\/en.siasun.com\/de\/lithium-battery-formation-and-capacity-sorting-production-and-test-system.html\" class=\"product_pic postatty\" style=\"max-height:230px;\"\"><img loading=\"lazy\" decoding=\"async\" class=\"lazyload\" src=\"https:\/\/en.siasun.com\/wp-content\/themes\/smartenterprise\/images\/loadings.png\" data-src=\"https:\/\/en.siasun.com\/wp-content\/uploads\/2024\/05\/2-2.png\" width=\"1000\" height=\"600\" alt=\"Lithium-Batterie-Formation und Kapazit\u00e4tssortierung ...\" title=\"Lithium-Batterie-Formation und Kapazit\u00e4tssortierung ...\"\/><\/a><div class=\"product_info\"><h3 class=\"pro_title\"><a href=\"https:\/\/en.siasun.com\/de\/lithium-battery-formation-and-capacity-sorting-production-and-test-system.html\">Produktions- und Testsystem zur Bildung und Kapazit\u00e4tssortierung von Lithiumbatterien<\/a><\/h3><\/div><\/div><\/div><\/div>\n<\/div><div class=\"layout_badh\"><\/div><\/section>","protected":false},"excerpt":{"rendered":"","protected":false},"author":1,"featured_media":0,"parent":0,"menu_order":0,"comment_status":"open","ping_status":"closed","template":"","meta":{"_seopress_robots_primary_cat":"","_seopress_titles_title":"","_seopress_titles_desc":"","_seopress_robots_index":"","themepark_post_bcolor":"#f5f5f5","themepark_post_width":"100% dong","themepark_post_img":"","themepark_post_img_po":"left","themepark_post_img_re":false,"themepark_post_img_cover":false,"themepark_post_img_fixed":false,"themepark_post_hide_title":true,"themepark_post_main_b":"","themepark_post_main_p":100,"themepark_paddingblock":true,"footnotes":""},"class_list":["post-4574","page","type-page","status-publish","hentry"],"_links":{"self":[{"href":"https:\/\/en.siasun.com\/de\/wp-json\/wp\/v2\/pages\/4574"}],"collection":[{"href":"https:\/\/en.siasun.com\/de\/wp-json\/wp\/v2\/pages"}],"about":[{"href":"https:\/\/en.siasun.com\/de\/wp-json\/wp\/v2\/types\/page"}],"author":[{"embeddable":true,"href":"https:\/\/en.siasun.com\/de\/wp-json\/wp\/v2\/users\/1"}],"replies":[{"embeddable":true,"href":"https:\/\/en.siasun.com\/de\/wp-json\/wp\/v2\/comments?post=4574"}],"version-history":[{"count":11,"href":"https:\/\/en.siasun.com\/de\/wp-json\/wp\/v2\/pages\/4574\/revisions"}],"predecessor-version":[{"id":5057,"href":"https:\/\/en.siasun.com\/de\/wp-json\/wp\/v2\/pages\/4574\/revisions\/5057"}],"wp:attachment":[{"href":"https:\/\/en.siasun.com\/de\/wp-json\/wp\/v2\/media?parent=4574"}],"curies":[{"name":"wp","href":"https:\/\/api.w.org\/{rel}","templated":true}]}}